{"id":101,"date":"2024-01-08T17:31:08","date_gmt":"2024-01-08T17:31:08","guid":{"rendered":"https:\/\/project.mercurytheme.com\/015\/?page_id=101"},"modified":"2024-05-15T16:02:29","modified_gmt":"2024-05-15T09:02:29","slug":"casinos","status":"publish","type":"page","link":"https:\/\/gamenohutructuyen.net\/?page_id=101","title":{"rendered":"Casinos"},"content":{"rendered":"\r\n<h2 class=\"wp-block-heading\">Best Casinos<\/h2>\r\n\r\n\r\n\r\n<p>\u0110\u00e1nh gi\u00e1, cung c\u1ea5p Link \u0111\u0103ng nh\u1eadp t\u1ea3i App c\u1ee7a c\u00e1c trang Nh\u00e0 c\u00e1i Casino uy t\u00edn nh\u1ea5t hi\u1ec7n nay.<\/p>\r\n","protected":false},"excerpt":{"rendered":"<p>Best Casinos \u0110\u00e1nh gi\u00e1, cung c\u1ea5p Link \u0111\u0103ng nh\u1eadp t\u1ea3i App c\u1ee7a c\u00e1c trang Nh\u00e0 c\u00e1i Casino uy t\u00edn nh\u1ea5t hi\u1ec7n nay.<\/p>\n","protected":false},"author":1,"featured_media":0,"parent":0,"menu_order":0,"comment_status":"closed","ping_status":"closed","template":"page-casino-archive-style-1.php","meta":{"footnotes":""},"class_list":["post-101","page","type-page","status-publish","hentry"],"_links":{"self":[{"href":"https:\/\/gamenohutructuyen.net\/index.php?rest_route=\/wp\/v2\/pages\/101","targetHints":{"allow":["GET"]}}],"collection":[{"href":"https:\/\/gamenohutructuyen.net\/index.php?rest_route=\/wp\/v2\/pages"}],"about":[{"href":"https:\/\/gamenohutructuyen.net\/index.php?rest_route=\/wp\/v2\/types\/page"}],"author":[{"embeddable":true,"href":"https:\/\/gamenohutructuyen.net\/index.php?rest_route=\/wp\/v2\/users\/1"}],"replies":[{"embeddable":true,"href":"https:\/\/gamenohutructuyen.net\/index.php?rest_route=%2Fwp%2Fv2%2Fcomments&post=101"}],"version-history":[{"count":1,"href":"https:\/\/gamenohutructuyen.net\/index.php?rest_route=\/wp\/v2\/pages\/101\/revisions"}],"predecessor-version":[{"id":536,"href":"https:\/\/gamenohutructuyen.net\/index.php?rest_route=\/wp\/v2\/pages\/101\/revisions\/536"}],"wp:attachment":[{"href":"https:\/\/gamenohutructuyen.net\/index.php?rest_route=%2Fwp%2Fv2%2Fmedia&parent=101"}],"curies":[{"name":"wp","href":"https:\/\/api.w.org\/{rel}","templated":true}]}}