{"id":510,"date":"2024-05-15T15:42:49","date_gmt":"2024-05-15T08:42:49","guid":{"rendered":"https:\/\/gamenohutructuyen.net\/?page_id=510"},"modified":"2024-08-04T10:00:08","modified_gmt":"2024-08-04T03:00:08","slug":"gioi-thieu-lien-he","status":"publish","type":"page","link":"https:\/\/gamenohutructuyen.net\/?page_id=510","title":{"rendered":"Gi\u1edbi Thi\u1ec7u &#8211; Li\u00ean H\u1ec7"},"content":{"rendered":"<p><a href=\"https:\/\/gamenohutructuyen.net\/\" target=\"_blank\" rel=\"noopener\"><span style=\"color: #ff0000;\"><em>Gamenohutructuyen.com<\/em><\/span><\/a> l\u00e0 Website chuy\u00ean cung c\u1ea5p Link t\u1ea3i c\u00e1c c\u1ed5ng game n\u1ed5 h\u0169 tr\u1ef1c tuy\u1ebfn uy t\u00edn. Mang c\u1ea3 th\u1ebf gi\u1edbi Slot h\u1ea5p d\u1eabn \u0111\u1ebfn v\u1edbi ng\u01b0\u1eddi ch\u01a1i k\u00e8m theo c\u00e1c \u0110\u00e1nh gi\u00e1 trung th\u1ef1c nh\u1ea5t \u0111\u1ec3 anh em tham kh\u1ea3o tr\u01b0\u1edbc khi \u0111\u0103ng k\u00fd.<\/p>\n<p>Li\u00ean h\u1ec7 v\u1edbi ch\u00fang t\u00f4i t\u1ea1i \u0111\u00e2y:<\/p>\n<ul>\n<li>Email: gamenohutructuyen@gmail.com<\/li>\n<li>S\u1ed1 \u0111i\u1ec7n tho\u1ea1i: 0367422188<\/li>\n<li>Telegram: <a href=\"https:\/\/t.me\/minhrio2023\" target=\"_blank\" rel=\"nofollow noopener\"><em>@minhrio2023<\/em><\/a><\/li>\n<li>\u0110\u1ecba ch\u1ec9: Ph\u00fa M\u1ef9 H\u01b0ng Tower, S\u1ed1 8 Ho\u00e0ng V\u0103n Th\u00e1i, T\u00e2n Ph\u00fa, Qu\u1eadn 7, Th\u00e0nh ph\u1ed1 H\u1ed3 Ch\u00ed Minh<\/li>\n<\/ul>\n","protected":false},"excerpt":{"rendered":"<p>Gamenohutructuyen.com l\u00e0 Website chuy\u00ean cung c\u1ea5p Link t\u1ea3i c\u00e1c c\u1ed5ng game n\u1ed5 h\u0169 tr\u1ef1c tuy\u1ebfn uy t\u00edn. Mang c\u1ea3 th\u1ebf gi\u1edbi Slot h\u1ea5p d\u1eabn \u0111\u1ebfn v\u1edbi ng\u01b0\u1eddi ch\u01a1i k\u00e8m theo c\u00e1c \u0110\u00e1nh gi\u00e1 trung th\u1ef1c nh\u1ea5t \u0111\u1ec3 anh em tham kh\u1ea3o tr\u01b0\u1edbc khi \u0111\u0103ng k\u00fd. Li\u00ean h\u1ec7 v\u1edbi ch\u00fang t\u00f4i t\u1ea1i \u0111\u00e2y: Email: gamenohutructuyen@gmail.com S\u1ed1 [&hellip;]<\/p>\n","protected":false},"author":1,"featured_media":0,"parent":0,"menu_order":0,"comment_status":"closed","ping_status":"closed","template":"","meta":{"footnotes":""},"class_list":["post-510","page","type-page","status-publish","hentry"],"_links":{"self":[{"href":"https:\/\/gamenohutructuyen.net\/index.php?rest_route=\/wp\/v2\/pages\/510","targetHints":{"allow":["GET"]}}],"collection":[{"href":"https:\/\/gamenohutructuyen.net\/index.php?rest_route=\/wp\/v2\/pages"}],"about":[{"href":"https:\/\/gamenohutructuyen.net\/index.php?rest_route=\/wp\/v2\/types\/page"}],"author":[{"embeddable":true,"href":"https:\/\/gamenohutructuyen.net\/index.php?rest_route=\/wp\/v2\/users\/1"}],"replies":[{"embeddable":true,"href":"https:\/\/gamenohutructuyen.net\/index.php?rest_route=%2Fwp%2Fv2%2Fcomments&post=510"}],"version-history":[{"count":4,"href":"https:\/\/gamenohutructuyen.net\/index.php?rest_route=\/wp\/v2\/pages\/510\/revisions"}],"predecessor-version":[{"id":1694,"href":"https:\/\/gamenohutructuyen.net\/index.php?rest_route=\/wp\/v2\/pages\/510\/revisions\/1694"}],"wp:attachment":[{"href":"https:\/\/gamenohutructuyen.net\/index.php?rest_route=%2Fwp%2Fv2%2Fmedia&parent=510"}],"curies":[{"name":"wp","href":"https:\/\/api.w.org\/{rel}","templated":true}]}}